{"id":983,"date":"2021-10-12T20:47:14","date_gmt":"2021-10-12T18:47:14","guid":{"rendered":"https:\/\/thrivelab-co.com\/?page_id=983"},"modified":"2024-02-13T11:36:12","modified_gmt":"2024-02-13T10:36:12","slug":"types-of-coaching","status":"publish","type":"page","link":"https:\/\/thrivelab-co.com\/pl\/types-of-coaching","title":{"rendered":"Rodzaje coachingu"},"content":{"rendered":"<div data-elementor-type=\"wp-page\" data-elementor-id=\"983\" class=\"elementor elementor-983\" data-elementor-settings=\"{&quot;ha_cmc_init_switcher&quot;:&quot;no&quot;}\">\n\t\t\t\t\t\t<section class=\"elementor-section elementor-top-section elementor-element elementor-element-895081b elementor-section-content-middle elementor-section-stretched elementor-section-boxed elementor-section-height-default elementor-section-height-default\" data-id=\"895081b\" data-element_type=\"section\" data-e-type=\"section\" data-settings=\"{&quot;stretch_section&quot;:&quot;section-stretched&quot;,&quot;_ha_eqh_enable&quot;:false}\">\n\t\t\t\t\t\t<div class=\"elementor-container elementor-column-gap-no\">\n\t\t\t\t\t<div class=\"elementor-column elementor-col-100 elementor-top-column elementor-element elementor-element-ef9fb26\" data-id=\"ef9fb26\" data-element_type=\"column\" data-e-type=\"column\">\n\t\t\t<div class=\"elementor-widget-wrap elementor-element-populated\">\n\t\t\t\t\t\t<div class=\"elementor-element elementor-element-bbb9863 elementor-widget elementor-widget-menu-anchor\" data-id=\"bbb9863\" data-element_type=\"widget\" data-e-type=\"widget\" data-widget_type=\"menu-anchor.default\">\n\t\t\t\t<div class=\"elementor-widget-container\">\n\t\t\t\t\t\t\t<div class=\"elementor-menu-anchor\" id=\"life\"><\/div>\n\t\t\t\t\t\t<\/div>\n\t\t\t\t<\/div>\n\t\t\t\t<div class=\"elementor-element elementor-element-5a049e7 elementor-widget-divider--view-line_text elementor-widget-divider--element-align-center elementor-widget elementor-widget-divider\" data-id=\"5a049e7\" data-element_type=\"widget\" data-e-type=\"widget\" data-widget_type=\"divider.default\">\n\t\t\t\t<div class=\"elementor-widget-container\">\n\t\t\t\t\t\t\t<div class=\"elementor-divider\">\n\t\t\t<span class=\"elementor-divider-separator\">\n\t\t\t\t\t\t\t<h1 class=\"elementor-divider__text elementor-divider__element\">\n\t\t\t\tCoaching \u017byciowy\t\t\t\t<\/h1>\n\t\t\t\t\t\t<\/span>\n\t\t<\/div>\n\t\t\t\t\t\t<\/div>\n\t\t\t\t<\/div>\n\t\t\t\t<div class=\"elementor-element elementor-element-1aab235 elementor-view-default elementor-position-block-start elementor-mobile-position-block-start elementor-widget elementor-widget-icon-box\" data-id=\"1aab235\" data-element_type=\"widget\" data-e-type=\"widget\" data-widget_type=\"icon-box.default\">\n\t\t\t\t<div class=\"elementor-widget-container\">\n\t\t\t\t\t\t\t<div class=\"elementor-icon-box-wrapper\">\n\n\t\t\t\t\t\t<div class=\"elementor-icon-box-icon\">\n\t\t\t\t<span  class=\"elementor-icon\">\n\t\t\t\t<i aria-hidden=\"true\" class=\"hm hm-quote2\"><\/i>\t\t\t\t<\/span>\n\t\t\t<\/div>\n\t\t\t\n\t\t\t\t\t\t<div class=\"elementor-icon-box-content\">\n\n\t\t\t\t\t\t\t\t\t<h3 class=\"elementor-icon-box-title\">\n\t\t\t\t\t\t<span  >\n\t\t\t\t\t\t\tNajlepsz\u0105 metod\u0105 przewidywania przysz\u0142o\u015bci jest jej tworzenie.\t\t\t\t\t\t<\/span>\n\t\t\t\t\t<\/h3>\n\t\t\t\t\n\t\t\t\t\t\t\t\t\t<p class=\"elementor-icon-box-description\">\n\t\t\t\t\t\tPeter Drucker\t\t\t\t\t<\/p>\n\t\t\t\t\n\t\t\t<\/div>\n\t\t\t\n\t\t<\/div>\n\t\t\t\t\t\t<\/div>\n\t\t\t\t<\/div>\n\t\t\t\t<section class=\"elementor-section elementor-inner-section elementor-element elementor-element-a991afd elementor-section-boxed elementor-section-height-default elementor-section-height-default\" data-id=\"a991afd\" data-element_type=\"section\" data-e-type=\"section\" data-settings=\"{&quot;_ha_eqh_enable&quot;:false}\">\n\t\t\t\t\t\t<div class=\"elementor-container elementor-column-gap-no\">\n\t\t\t\t\t<div class=\"elementor-column elementor-col-33 elementor-inner-column elementor-element elementor-element-2ad2c93\" data-id=\"2ad2c93\" data-element_type=\"column\" data-e-type=\"column\">\n\t\t\t<div class=\"elementor-widget-wrap elementor-element-populated\">\n\t\t\t\t\t\t<div class=\"elementor-element elementor-element-b244026 elementor-widget elementor-widget-ha-step-flow happy-addon ha-step-flow\" data-id=\"b244026\" data-element_type=\"widget\" data-e-type=\"widget\" data-widget_type=\"ha-step-flow.default\">\n\t\t\t\t<div class=\"elementor-widget-container\">\n\t\t\t\t\t\n\t\t<div class=\"ha-steps-icon\">\n\t\t\t\t\t\t\t<span class=\"ha-step-arrow\"><\/span>\n\t\t\t\n\t\t\t<i class=\"hm hm-user-plus\"><\/i>\n\t\t\t\t\t<\/div>\n\n\t\t<h2 class=\"ha-steps-title\">co?<\/h2>\n\t\t\t\t\t<p class=\"ha-step-description\">Jest to interaktywny i oparty na wsp\u00f3\u0142pracy process, podczas kt\u00f3rego Klient i Coach koncentruj\u0105 si\u0119 na osobistym \u017cyciu klienta. Przyk\u0142ady: kreowanie w\u0142asnego stylu \u017cycia i odnalezienie misji, planowanie i osi\u0105ganie osobistych cel\u00f3w, polepszenie swojego dobrostanu, asertywno\u015b\u0107, komunikacja itp. <\/p>\n\t\t\n\t\t\t\t\t\t<\/div>\n\t\t\t\t<\/div>\n\t\t\t\t\t<\/div>\n\t\t<\/div>\n\t\t\t\t<div class=\"elementor-column elementor-col-33 elementor-inner-column elementor-element elementor-element-740eb3d\" data-id=\"740eb3d\" data-element_type=\"column\" data-e-type=\"column\">\n\t\t\t<div class=\"elementor-widget-wrap elementor-element-populated\">\n\t\t\t\t\t\t<div class=\"elementor-element elementor-element-3336b5e elementor-widget elementor-widget-ha-step-flow happy-addon ha-step-flow\" data-id=\"3336b5e\" data-element_type=\"widget\" data-e-type=\"widget\" data-widget_type=\"ha-step-flow.default\">\n\t\t\t\t<div class=\"elementor-widget-container\">\n\t\t\t\t\t\n\t\t<div class=\"ha-steps-icon\">\n\t\t\t\t\t\t\t<span class=\"ha-step-arrow\"><\/span>\n\t\t\t\n\t\t\t<i class=\"hm hm-map-marker\"><\/i>\n\t\t\t\t\t<\/div>\n\n\t\t<h2 class=\"ha-steps-title\">kiedy?<\/h2>\n\t\t\t\t\t<p class=\"ha-step-description\">Zastanawiasz si\u0119, jak by\u0107 bardziej efektywn\u0105\/efektywnym?<br>Chcia\u0142aby\u015b\/chcia\u0142by\u015b by\u0107 szcz\u0119\u015bliwsza\/y?<br>Co\u015b zatrzyma\u0142o ci\u0119 na drodze do celu?<br>Wiesz, sk\u0105d czerpiesz swoj\u0105 energi\u0119?<\/p>\n\t\t\n\t\t\t\t\t\t<\/div>\n\t\t\t\t<\/div>\n\t\t\t\t\t<\/div>\n\t\t<\/div>\n\t\t\t\t<div class=\"elementor-column elementor-col-33 elementor-inner-column elementor-element elementor-element-69af485\" data-id=\"69af485\" data-element_type=\"column\" data-e-type=\"column\">\n\t\t\t<div class=\"elementor-widget-wrap elementor-element-populated\">\n\t\t\t\t\t\t<div class=\"elementor-element elementor-element-ce9d8b2 elementor-widget elementor-widget-ha-step-flow happy-addon ha-step-flow\" data-id=\"ce9d8b2\" data-element_type=\"widget\" data-e-type=\"widget\" data-widget_type=\"ha-step-flow.default\">\n\t\t\t\t<div class=\"elementor-widget-container\">\n\t\t\t\t\t\n\t\t<div class=\"ha-steps-icon\">\n\t\t\t\n\t\t\t<i class=\"hm hm-rocket2\"><\/i>\n\t\t\t\t\t<\/div>\n\n\t\t<h2 class=\"ha-steps-title\">jak?<\/h2>\n\t\t\t\t\t<p class=\"ha-step-description\">Podczas serii opartych na wsp\u00f3\u0142pracy rozm\u00f3w definiujemy twoje cele i zanurzamy si\u0119 w proces, maj\u0105cy na celu doprowadzi\u0107 do upragnionej zmiany. Niekt\u00f3re z narz\u0119dzi pracy to m.in: aktywne s\u0142uchanie, stawianie pyta\u0144, metafora.<\/p>\n\t\t\n\t\t\t\t\t\t<\/div>\n\t\t\t\t<\/div>\n\t\t\t\t\t<\/div>\n\t\t<\/div>\n\t\t\t\t\t<\/div>\n\t\t<\/section>\n\t\t\t\t\t<\/div>\n\t\t<\/div>\n\t\t\t\t\t<\/div>\n\t\t<\/section>\n\t\t\t\t<section class=\"elementor-section elementor-top-section elementor-element elementor-element-5ea83ac elementor-section-content-middle elementor-section-stretched elementor-section-boxed elementor-section-height-default elementor-section-height-default\" data-id=\"5ea83ac\" data-element_type=\"section\" data-e-type=\"section\" data-settings=\"{&quot;stretch_section&quot;:&quot;section-stretched&quot;,&quot;_ha_eqh_enable&quot;:false}\">\n\t\t\t\t\t\t<div class=\"elementor-container elementor-column-gap-no\">\n\t\t\t\t\t<div class=\"elementor-column elementor-col-100 elementor-top-column elementor-element elementor-element-3b6a198\" data-id=\"3b6a198\" data-element_type=\"column\" data-e-type=\"column\">\n\t\t\t<div class=\"elementor-widget-wrap elementor-element-populated\">\n\t\t\t\t\t\t<div class=\"elementor-element elementor-element-1571210 elementor-widget elementor-widget-menu-anchor\" data-id=\"1571210\" data-element_type=\"widget\" data-e-type=\"widget\" data-widget_type=\"menu-anchor.default\">\n\t\t\t\t<div class=\"elementor-widget-container\">\n\t\t\t\t\t\t\t<div class=\"elementor-menu-anchor\" id=\"career\"><\/div>\n\t\t\t\t\t\t<\/div>\n\t\t\t\t<\/div>\n\t\t\t\t<div class=\"elementor-element elementor-element-4779224 elementor-widget-divider--view-line_text elementor-widget-divider--element-align-center elementor-widget elementor-widget-divider\" data-id=\"4779224\" data-element_type=\"widget\" data-e-type=\"widget\" data-widget_type=\"divider.default\">\n\t\t\t\t<div class=\"elementor-widget-container\">\n\t\t\t\t\t\t\t<div class=\"elementor-divider\">\n\t\t\t<span class=\"elementor-divider-separator\">\n\t\t\t\t\t\t\t<h1 class=\"elementor-divider__text elementor-divider__element\">\n\t\t\t\tCoaching Kariery\t\t\t\t<\/h1>\n\t\t\t\t\t\t<\/span>\n\t\t<\/div>\n\t\t\t\t\t\t<\/div>\n\t\t\t\t<\/div>\n\t\t\t\t<div class=\"elementor-element elementor-element-641f923 elementor-view-default elementor-position-block-start elementor-mobile-position-block-start elementor-widget elementor-widget-icon-box\" data-id=\"641f923\" data-element_type=\"widget\" data-e-type=\"widget\" data-widget_type=\"icon-box.default\">\n\t\t\t\t<div class=\"elementor-widget-container\">\n\t\t\t\t\t\t\t<div class=\"elementor-icon-box-wrapper\">\n\n\t\t\t\t\t\t<div class=\"elementor-icon-box-icon\">\n\t\t\t\t<span  class=\"elementor-icon\">\n\t\t\t\t<i aria-hidden=\"true\" class=\"hm hm-quote2\"><\/i>\t\t\t\t<\/span>\n\t\t\t<\/div>\n\t\t\t\n\t\t\t\t\t\t<div class=\"elementor-icon-box-content\">\n\n\t\t\t\t\t\t\t\t\t<h3 class=\"elementor-icon-box-title\">\n\t\t\t\t\t\t<span  >\n\t\t\t\t\t\t\tJe\u015bli potrafisz o czym\u015b marzy\u0107, to potrafisz tak\u017ce tego dokona\u0107.\t\t\t\t\t\t<\/span>\n\t\t\t\t\t<\/h3>\n\t\t\t\t\n\t\t\t\t\t\t\t\t\t<p class=\"elementor-icon-box-description\">\n\t\t\t\t\t\tWalt Disney\t\t\t\t\t<\/p>\n\t\t\t\t\n\t\t\t<\/div>\n\t\t\t\n\t\t<\/div>\n\t\t\t\t\t\t<\/div>\n\t\t\t\t<\/div>\n\t\t\t\t<section class=\"elementor-section elementor-inner-section elementor-element elementor-element-0c3f405 elementor-section-boxed elementor-section-height-default elementor-section-height-default\" data-id=\"0c3f405\" data-element_type=\"section\" data-e-type=\"section\" data-settings=\"{&quot;_ha_eqh_enable&quot;:false}\">\n\t\t\t\t\t\t<div class=\"elementor-container elementor-column-gap-no\">\n\t\t\t\t\t<div class=\"elementor-column elementor-col-33 elementor-inner-column elementor-element elementor-element-db19a76\" data-id=\"db19a76\" data-element_type=\"column\" data-e-type=\"column\">\n\t\t\t<div class=\"elementor-widget-wrap elementor-element-populated\">\n\t\t\t\t\t\t<div class=\"elementor-element elementor-element-0ada7fb elementor-widget elementor-widget-ha-step-flow happy-addon ha-step-flow\" data-id=\"0ada7fb\" data-element_type=\"widget\" data-e-type=\"widget\" data-widget_type=\"ha-step-flow.default\">\n\t\t\t\t<div class=\"elementor-widget-container\">\n\t\t\t\t\t\n\t\t<div class=\"ha-steps-icon\">\n\t\t\t\t\t\t\t<span class=\"ha-step-arrow\"><\/span>\n\t\t\t\n\t\t\t<i class=\"hm hm-user-plus\"><\/i>\n\t\t\t\t\t<\/div>\n\n\t\t<h2 class=\"ha-steps-title\">co?<\/h2>\n\t\t\t\t\t<p class=\"ha-step-description\">Jest to interaktywny i oparty na wsp\u00f3\u0142pracy process, podczas kt\u00f3rego Klient i Coach koncentruj\u0105 si\u0119 na profesjonalnym \u017cyciu klienta. Przyk\u0142ady: efektywne poszukiwanie pracy i przygotowanie do rozm\u00f3w rekrutacyjnych, planowanie lub zmiana \u015bcie\u017cki kariery, definiowanie i wykorzystanie swoich talent\u00f3w, zarz\u0105dzanie talentami, odnalezienie celu oraz misji, itp.<\/p>\n\t\t\n\t\t\t\t\t\t<\/div>\n\t\t\t\t<\/div>\n\t\t\t\t\t<\/div>\n\t\t<\/div>\n\t\t\t\t<div class=\"elementor-column elementor-col-33 elementor-inner-column elementor-element elementor-element-f73c424\" data-id=\"f73c424\" data-element_type=\"column\" data-e-type=\"column\">\n\t\t\t<div class=\"elementor-widget-wrap elementor-element-populated\">\n\t\t\t\t\t\t<div class=\"elementor-element elementor-element-f28d441 elementor-widget elementor-widget-ha-step-flow happy-addon ha-step-flow\" data-id=\"f28d441\" data-element_type=\"widget\" data-e-type=\"widget\" data-widget_type=\"ha-step-flow.default\">\n\t\t\t\t<div class=\"elementor-widget-container\">\n\t\t\t\t\t\n\t\t<div class=\"ha-steps-icon\">\n\t\t\t\t\t\t\t<span class=\"ha-step-arrow\"><\/span>\n\t\t\t\n\t\t\t<i class=\"hm hm-steps\"><\/i>\n\t\t\t\t\t<\/div>\n\n\t\t<h2 class=\"ha-steps-title\">kiedy?<\/h2>\n\t\t\t\t\t<p class=\"ha-step-description\">Je\u015bli potrafisz o czym\u015b marzy\u0107, to potrafisz tak\u017ce tego dokona\u0107<br>Zastanawiasz si\u0119 nad kolejnym krokiem lub zmian\u0105 swojej kariery?<br>Chcia\u0142aby\u015b\/chcia\u0142by\u015b ponownie odnale\u017a\u0107 swoj\u0105 motywacj\u0119 wewn\u0119trzn\u0105?<\/p>\n\t\t\n\t\t\t\t\t\t<\/div>\n\t\t\t\t<\/div>\n\t\t\t\t\t<\/div>\n\t\t<\/div>\n\t\t\t\t<div class=\"elementor-column elementor-col-33 elementor-inner-column elementor-element elementor-element-545674a\" data-id=\"545674a\" data-element_type=\"column\" data-e-type=\"column\">\n\t\t\t<div class=\"elementor-widget-wrap elementor-element-populated\">\n\t\t\t\t\t\t<div class=\"elementor-element elementor-element-20d7ab0 elementor-widget elementor-widget-ha-step-flow happy-addon ha-step-flow\" data-id=\"20d7ab0\" data-element_type=\"widget\" data-e-type=\"widget\" data-widget_type=\"ha-step-flow.default\">\n\t\t\t\t<div class=\"elementor-widget-container\">\n\t\t\t\t\t\n\t\t<div class=\"ha-steps-icon\">\n\t\t\t\n\t\t\t<i class=\"hm hm-rocket2\"><\/i>\n\t\t\t\t\t<\/div>\n\n\t\t<h2 class=\"ha-steps-title\">jak?<\/h2>\n\t\t\t\t\t<p class=\"ha-step-description\">Podczas serii opartych na wsp\u00f3\u0142pracy rozm\u00f3w definiujemy twoje cele i zanurzamy si\u0119 w proces, maj\u0105cy na celu doprowadzi\u0107 do upragnionej zmiany. Niekt\u00f3re z narz\u0119dzi pracy to m.in: aktywne s\u0142uchanie, stawianie pyta\u0144, metafora.<\/p>\n\t\t\n\t\t\t\t\t\t<\/div>\n\t\t\t\t<\/div>\n\t\t\t\t\t<\/div>\n\t\t<\/div>\n\t\t\t\t\t<\/div>\n\t\t<\/section>\n\t\t\t\t\t<\/div>\n\t\t<\/div>\n\t\t\t\t\t<\/div>\n\t\t<\/section>\n\t\t\t\t<section class=\"elementor-section elementor-top-section elementor-element elementor-element-0cbf21c elementor-section-content-middle elementor-section-stretched elementor-section-boxed elementor-section-height-default elementor-section-height-default\" data-id=\"0cbf21c\" data-element_type=\"section\" data-e-type=\"section\" data-settings=\"{&quot;stretch_section&quot;:&quot;section-stretched&quot;,&quot;_ha_eqh_enable&quot;:false}\">\n\t\t\t\t\t\t<div class=\"elementor-container elementor-column-gap-no\">\n\t\t\t\t\t<div class=\"elementor-column elementor-col-100 elementor-top-column elementor-element elementor-element-71c9901\" data-id=\"71c9901\" data-element_type=\"column\" data-e-type=\"column\">\n\t\t\t<div class=\"elementor-widget-wrap elementor-element-populated\">\n\t\t\t\t\t\t<div class=\"elementor-element elementor-element-62b229b elementor-widget elementor-widget-menu-anchor\" data-id=\"62b229b\" data-element_type=\"widget\" data-e-type=\"widget\" data-widget_type=\"menu-anchor.default\">\n\t\t\t\t<div class=\"elementor-widget-container\">\n\t\t\t\t\t\t\t<div class=\"elementor-menu-anchor\" id=\"leadership\"><\/div>\n\t\t\t\t\t\t<\/div>\n\t\t\t\t<\/div>\n\t\t\t\t<div class=\"elementor-element elementor-element-a450c7b elementor-widget-divider--view-line_text elementor-widget-divider--element-align-center elementor-widget elementor-widget-divider\" data-id=\"a450c7b\" data-element_type=\"widget\" data-e-type=\"widget\" data-widget_type=\"divider.default\">\n\t\t\t\t<div class=\"elementor-widget-container\">\n\t\t\t\t\t\t\t<div class=\"elementor-divider\">\n\t\t\t<span class=\"elementor-divider-separator\">\n\t\t\t\t\t\t\t<h1 class=\"elementor-divider__text elementor-divider__element\">\n\t\t\t\tCoaching Przyw\u00f3dczy\t\t\t\t<\/h1>\n\t\t\t\t\t\t<\/span>\n\t\t<\/div>\n\t\t\t\t\t\t<\/div>\n\t\t\t\t<\/div>\n\t\t\t\t<div class=\"elementor-element elementor-element-1f4ad39 elementor-view-default elementor-position-block-start elementor-mobile-position-block-start elementor-widget elementor-widget-icon-box\" data-id=\"1f4ad39\" data-element_type=\"widget\" data-e-type=\"widget\" data-widget_type=\"icon-box.default\">\n\t\t\t\t<div class=\"elementor-widget-container\">\n\t\t\t\t\t\t\t<div class=\"elementor-icon-box-wrapper\">\n\n\t\t\t\t\t\t<div class=\"elementor-icon-box-icon\">\n\t\t\t\t<span  class=\"elementor-icon\">\n\t\t\t\t<i aria-hidden=\"true\" class=\"hm hm-quote2\"><\/i>\t\t\t\t<\/span>\n\t\t\t<\/div>\n\t\t\t\n\t\t\t\t\t\t<div class=\"elementor-icon-box-content\">\n\n\t\t\t\t\t\t\t\t\t<h3 class=\"elementor-icon-box-title\">\n\t\t\t\t\t\t<span  >\n\t\t\t\t\t\t\tPrzyw\u00f3dztwo nie polega na sprawowaniu w\u0142adzy. Przyw\u00f3dztwo jest dbaniem o osoby, za kt\u00f3re odpowiadasz.\t\t\t\t\t\t<\/span>\n\t\t\t\t\t<\/h3>\n\t\t\t\t\n\t\t\t\t\t\t\t\t\t<p class=\"elementor-icon-box-description\">\n\t\t\t\t\t\tSimon Sinek\t\t\t\t\t<\/p>\n\t\t\t\t\n\t\t\t<\/div>\n\t\t\t\n\t\t<\/div>\n\t\t\t\t\t\t<\/div>\n\t\t\t\t<\/div>\n\t\t\t\t<section class=\"elementor-section elementor-inner-section elementor-element elementor-element-feec1e8 elementor-section-boxed elementor-section-height-default elementor-section-height-default\" data-id=\"feec1e8\" data-element_type=\"section\" data-e-type=\"section\" data-settings=\"{&quot;_ha_eqh_enable&quot;:false}\">\n\t\t\t\t\t\t<div class=\"elementor-container elementor-column-gap-no\">\n\t\t\t\t\t<div class=\"elementor-column elementor-col-33 elementor-inner-column elementor-element elementor-element-58fefb7\" data-id=\"58fefb7\" data-element_type=\"column\" data-e-type=\"column\">\n\t\t\t<div class=\"elementor-widget-wrap elementor-element-populated\">\n\t\t\t\t\t\t<div class=\"elementor-element elementor-element-764fc1a elementor-widget elementor-widget-ha-step-flow happy-addon ha-step-flow\" data-id=\"764fc1a\" data-element_type=\"widget\" data-e-type=\"widget\" data-widget_type=\"ha-step-flow.default\">\n\t\t\t\t<div class=\"elementor-widget-container\">\n\t\t\t\t\t\n\t\t<div class=\"ha-steps-icon\">\n\t\t\t\t\t\t\t<span class=\"ha-step-arrow\"><\/span>\n\t\t\t\n\t\t\t<i class=\"hm hm-user-plus\"><\/i>\n\t\t\t\t\t<\/div>\n\n\t\t<h2 class=\"ha-steps-title\">co?<\/h2>\n\t\t\t\t\t<p class=\"ha-step-description\">Jest to proces rozwojowy, podczas kt\u00f3rego Klient i Coach koncentruj\u0105 si\u0119 na potencjale przyw\u00f3dczym klienta (wzmocnienie do wykonywania wyj\u0105tkowej pracy lub  maksymalizowanie wydajno\u015bci). Przyk\u0142ady: zmiana stylu z managementu na coaching, wej\u015bcie w rol\u0119 nowego mened\u017cera, komunikowanie wizji, budowanie zmotywowanego zespo\u0142u, rozwijanie lepszej prezencji na szczeblu zarz\u0105dczym.<\/p>\n\t\t\n\t\t\t\t\t\t<\/div>\n\t\t\t\t<\/div>\n\t\t\t\t\t<\/div>\n\t\t<\/div>\n\t\t\t\t<div class=\"elementor-column elementor-col-33 elementor-inner-column elementor-element elementor-element-fd9801a\" data-id=\"fd9801a\" data-element_type=\"column\" data-e-type=\"column\">\n\t\t\t<div class=\"elementor-widget-wrap elementor-element-populated\">\n\t\t\t\t\t\t<div class=\"elementor-element elementor-element-8af0ea0 elementor-widget elementor-widget-ha-step-flow happy-addon ha-step-flow\" data-id=\"8af0ea0\" data-element_type=\"widget\" data-e-type=\"widget\" data-widget_type=\"ha-step-flow.default\">\n\t\t\t\t<div class=\"elementor-widget-container\">\n\t\t\t\t\t\n\t\t<div class=\"ha-steps-icon\">\n\t\t\t\t\t\t\t<span class=\"ha-step-arrow\"><\/span>\n\t\t\t\n\t\t\t<i class=\"hm hm-star\"><\/i>\n\t\t\t\t\t<\/div>\n\n\t\t<h2 class=\"ha-steps-title\">kiedy?<\/h2>\n\t\t\t\t\t<p class=\"ha-step-description\">Jak zosta\u0107 efektywnym liderem?<br>Jak budowa\u0107 zaufanie w zespole oraz w\u015br\u00f3d lider\u00f3w wy\u017cszego szczebla?<br>Jaki jest m\u00f3j autentyczny styk przyw\u00f3dczy?<\/p>\n\t\t\n\t\t\t\t\t\t<\/div>\n\t\t\t\t<\/div>\n\t\t\t\t\t<\/div>\n\t\t<\/div>\n\t\t\t\t<div class=\"elementor-column elementor-col-33 elementor-inner-column elementor-element elementor-element-6793022\" data-id=\"6793022\" data-element_type=\"column\" data-e-type=\"column\">\n\t\t\t<div class=\"elementor-widget-wrap elementor-element-populated\">\n\t\t\t\t\t\t<div class=\"elementor-element elementor-element-1974a1e elementor-widget elementor-widget-ha-step-flow happy-addon ha-step-flow\" data-id=\"1974a1e\" data-element_type=\"widget\" data-e-type=\"widget\" data-widget_type=\"ha-step-flow.default\">\n\t\t\t\t<div class=\"elementor-widget-container\">\n\t\t\t\t\t\n\t\t<div class=\"ha-steps-icon\">\n\t\t\t\n\t\t\t<i class=\"hm hm-rocket2\"><\/i>\n\t\t\t\t\t<\/div>\n\n\t\t<h2 class=\"ha-steps-title\">jak?<\/h2>\n\t\t\t\t\t<p class=\"ha-step-description\">Podczas serii opartych na wsp\u00f3\u0142pracy rozm\u00f3w definiujemy twoje cele i zanurzamy si\u0119 w proces, maj\u0105cy na celu doprowadzi\u0107 do upragnionej zmiany. Niekt\u00f3re z narz\u0119dzi pracy to m.in: diagnoza warto\u015bci, aktywne s\u0142uchanie, stawianie pyta\u0144, metafora.<\/p>\n\t\t\n\t\t\t\t\t\t<\/div>\n\t\t\t\t<\/div>\n\t\t\t\t\t<\/div>\n\t\t<\/div>\n\t\t\t\t\t<\/div>\n\t\t<\/section>\n\t\t\t\t\t<\/div>\n\t\t<\/div>\n\t\t\t\t\t<\/div>\n\t\t<\/section>\n\t\t\t\t<\/div>","protected":false},"excerpt":{"rendered":"<p>Life Coaching The best way to predict the future is to create it Peter Drucker what? It\u2019s an interactive and collaborative process during which a Client and a Coach focus on the client\u2019s personal life. Examples: life design and mission crafting, planning and achieving personal goals, ability to find your own well-being, assertiveness, communication etc&#8230;.<\/p>","protected":false},"author":1,"featured_media":0,"parent":0,"menu_order":0,"comment_status":"closed","ping_status":"closed","template":"","meta":{"_kad_post_transparent":"","_kad_post_title":"","_kad_post_layout":"","_kad_post_sidebar_id":"","_kad_post_content_style":"","_kad_post_vertical_padding":"","_kad_post_feature":"","_kad_post_feature_position":"","_kad_post_header":false,"_kad_post_footer":false,"_kad_post_classname":"","footnotes":""},"class_list":["post-983","page","type-page","status-publish","hentry"],"_links":{"self":[{"href":"https:\/\/thrivelab-co.com\/pl\/wp-json\/wp\/v2\/pages\/983","targetHints":{"allow":["GET"]}}],"collection":[{"href":"https:\/\/thrivelab-co.com\/pl\/wp-json\/wp\/v2\/pages"}],"about":[{"href":"https:\/\/thrivelab-co.com\/pl\/wp-json\/wp\/v2\/types\/page"}],"author":[{"embeddable":true,"href":"https:\/\/thrivelab-co.com\/pl\/wp-json\/wp\/v2\/users\/1"}],"replies":[{"embeddable":true,"href":"https:\/\/thrivelab-co.com\/pl\/wp-json\/wp\/v2\/comments?post=983"}],"version-history":[{"count":23,"href":"https:\/\/thrivelab-co.com\/pl\/wp-json\/wp\/v2\/pages\/983\/revisions"}],"predecessor-version":[{"id":1590,"href":"https:\/\/thrivelab-co.com\/pl\/wp-json\/wp\/v2\/pages\/983\/revisions\/1590"}],"wp:attachment":[{"href":"https:\/\/thrivelab-co.com\/pl\/wp-json\/wp\/v2\/media?parent=983"}],"curies":[{"name":"wp","href":"https:\/\/api.w.org\/{rel}","templated":true}]}}