{"id":1317,"date":"2021-10-21T22:59:08","date_gmt":"2021-10-21T20:59:08","guid":{"rendered":"https:\/\/thrivelab-co.com\/terms-conditions"},"modified":"2026-01-11T12:10:25","modified_gmt":"2026-01-11T11:10:25","slug":"privacy-policy","status":"publish","type":"page","link":"https:\/\/thrivelab-co.com\/pl\/privacy-policy","title":{"rendered":"Privacy Policy"},"content":{"rendered":"<div data-elementor-type=\"wp-page\" data-elementor-id=\"1317\" class=\"elementor elementor-1317\" data-elementor-settings=\"{&quot;ha_cmc_init_switcher&quot;:&quot;no&quot;}\">\n\t\t\t\t\t\t<section class=\"elementor-section elementor-top-section elementor-element elementor-element-acc5291 elementor-section-boxed elementor-section-height-default elementor-section-height-default\" data-id=\"acc5291\" data-element_type=\"section\" data-e-type=\"section\" data-settings=\"{&quot;_ha_eqh_enable&quot;:false}\">\n\t\t\t\t\t\t<div class=\"elementor-container elementor-column-gap-default\">\n\t\t\t\t\t<div class=\"elementor-column elementor-col-100 elementor-top-column elementor-element elementor-element-70e6b6f\" data-id=\"70e6b6f\" data-element_type=\"column\" data-e-type=\"column\">\n\t\t\t<div class=\"elementor-widget-wrap elementor-element-populated\">\n\t\t\t\t\t\t<div class=\"elementor-element elementor-element-dd9a47e elementor-widget elementor-widget-heading\" data-id=\"dd9a47e\" data-element_type=\"widget\" data-e-type=\"widget\" data-widget_type=\"heading.default\">\n\t\t\t\t<div class=\"elementor-widget-container\">\n\t\t\t\t\t<h2 class=\"elementor-heading-title elementor-size-default\">Privacy Policy<\/h2>\t\t\t\t<\/div>\n\t\t\t\t<\/div>\n\t\t\t\t<div class=\"elementor-element elementor-element-f7f1fe5 elementor-widget elementor-widget-text-editor\" data-id=\"f7f1fe5\" data-element_type=\"widget\" data-e-type=\"widget\" data-widget_type=\"text-editor.default\">\n\t\t\t\t<div class=\"elementor-widget-container\">\n\t\t\t\t\t\t\t\t\t<p><span style=\"color: var( --e-global-color-text ); font-family: var( --e-global-typography-text-font-family ), Sans-serif; font-size: var( --e-global-typography-text-font-size ); letter-spacing: 0px;\">Niniejsza Polityka Prywatno\u015bci opisuje kwestie zwi\u0105zane z korzystaniem ze strony thrivelab-co.com, zwanej dalej \u201estron\u0105\u201d.<\/span><\/p><p><span style=\"font-weight: 400;\">Dane osobowe<\/span><\/p><p><strong>1. Kto jest administratorem Twoich danych osobowych:\u00a0<\/strong><\/p><p><span style=\"font-weight: 400;\">The administrator of the personal data provided by you is Katarzyna Lechki, running a business under the name ThriveLab Co sp. z o.o., on the basis of an entry in the Central Register and Information on Economic Activity, tax id number 8952289526, hereinafter referred to as the \u201cAdministrator\u201d. At any time, regarding the protection of your personal data, you can contact the Administrator by writing to the following address: katarzynalechki@gmail.com<\/span><\/p><p><strong>2. W jakim celu mo\u017cemy przetwarza\u0107 Twoje dane osobowe:\u00a0<\/strong><\/p><p><span style=\"font-weight: 400;\">Twoje dane b\u0119d\u0105 przetwarzane przez Administratora wy\u0142\u0105cznie w celu:<\/span><\/p><p class=\"translation-block\">1) Rejestracji i obs\u0142ugi formularzy kontaktowych, umieszczonych na stronie na podstawie Twojej zgody, w oparciu o art. 6 ust. 1 lit. a) Rozporz\u0105dzenia Parlamentu Europejskiego i Rady (UE) 2016\/679 z dnia 27 kwietnia 2016 r. w sprawie ochrony os\u00f3b fizycznych w zwi\u0105zku z przetwarzaniem danych osobowych i w sprawie swobodnego przep\u0142ywu takich danych oraz uchylenia dyrektywy 95\/46\/WE (og\u00f3lne rozporz\u0105dzenie o ochronie danych), zwane dalej \u201eRODO\u201d, kt\u00f3ry stanowi, \u017ce przetwarzanie danych osobowych jest dopuszczalne je\u015bli osoba, kt\u00f3rej dane dotycz\u0105 wyrazi\u0142a zgod\u0119 na przetwarzanie swoich danych osobowych w jednym lub wi\u0119kszej liczbie okre\u015blonych cel\u00f3w \u2013 w tym celu przetwarzane b\u0119d\u0105 takie dane osobowe jak:<\/p><ul><li style=\"font-weight: 400;\" aria-level=\"1\"><span style=\"font-weight: 400;\">imi\u0119 lub nazwa firmy<\/span><\/li><li style=\"font-weight: 400;\" aria-level=\"1\"><span style=\"font-weight: 400;\">adres e-mail albo tel. kontaktowy.<\/span><\/li><\/ul><p class=\"translation-block\">2) Dokonania wyceny us\u0142ugi oraz wykonania us\u0142ugi, w oparciu o art. 6 ust. 1 lit. b) RODO, kt\u00f3ry stanowi, \u017ce przetwarzanie danych osobowych jest dopuszczalne, je\u015bli przetwarzanie jest niezb\u0119dne do wykonania umowy, kt\u00f3rej stron\u0105 jest osoba, kt\u00f3rej dane dotycz\u0105, lub do podj\u0119cia dzia\u0142a\u0144 na \u017c\u0105danie osoby, kt\u00f3rej dane dotycz\u0105, przed zawarciem umowy \u2013 w tym celu przetwarzane b\u0119d\u0105 takie dane osobowe jak:<\/p><ul><li style=\"font-weight: 400;\" aria-level=\"1\"><span style=\"font-weight: 400;\">imi\u0119 i nazwisko lub nazwa firmy,<\/span><\/li><li style=\"font-weight: 400;\" aria-level=\"1\"><span style=\"font-weight: 400;\">adres zamieszkania lub adres siedziby,<\/span><\/li><li style=\"font-weight: 400;\" aria-level=\"1\"><span style=\"font-weight: 400;\">NIP (w przypadku firmy),<\/span><\/li><li style=\"font-weight: 400;\" aria-level=\"1\"><span style=\"font-weight: 400;\">adres e-mail albo tel. kontaktowy,<\/span><\/li><li style=\"font-weight: 400;\" aria-level=\"1\"><span style=\"font-weight: 400;\">numer zlecenia,<\/span><\/li><li style=\"font-weight: 400;\" aria-level=\"1\"><span style=\"font-weight: 400;\">data rejestracji.<\/span><\/li><\/ul><p class=\"translation-block\">3) Kontaktu telefonicznego z Tob\u0105 w sprawach zwi\u0105zanych z realizacj\u0105 us\u0142ugi (o ile b\u0119dziesz zainteresowany tak\u0105 form\u0105 kontaktu), w oparciu o art. 6 ust. 1 lit. b) RODO, kt\u00f3ry stanowi, \u017ce przetwarzanie danych osobowych jest dopuszczalne, je\u017celi przetwarzanie jest niezb\u0119dne do wykonania umowy, kt\u00f3rej stron\u0105 jest osoba, kt\u00f3rej dane dotycz\u0105 \u2013 w tym celu przetwarzane s\u0105 takie dane osobowe, jak:<\/p><ul><li style=\"font-weight: 400;\" aria-level=\"1\"><span style=\"font-weight: 400;\">imi\u0119 i nazwisko,<\/span><\/li><li style=\"font-weight: 400;\" aria-level=\"1\"><span style=\"font-weight: 400;\">numer zlecenia,<\/span><\/li><li style=\"font-weight: 400;\" aria-level=\"1\"><span style=\"font-weight: 400;\">numer telefonu.<\/span><\/li><\/ul><p class=\"translation-block\">4) Kontaktu mailowego z Tob\u0105 w sprawach zwi\u0105zanych z realizacj\u0105 us\u0142ugi, w oparciu o art. 6 ust. 1 lit. b) RODO, kt\u00f3ry stanowi, \u017ce przetwarzanie danych osobowych jest dopuszczalne je\u015bli jest ono niezb\u0119dne do wykonania umowy, kt\u00f3rej stron\u0105 jest osoba, kt\u00f3rej dane dotycz\u0105 \u2013 w tym celu przetwarzane s\u0105 takie dane osobowe, jak:<\/p><ul><li style=\"font-weight: 400;\" aria-level=\"1\"><span style=\"font-weight: 400;\">imi\u0119 i nazwisko,<\/span><\/li><li style=\"font-weight: 400;\" aria-level=\"1\"><span style=\"font-weight: 400;\">adres e-mail,<\/span><\/li><li style=\"font-weight: 400;\" aria-level=\"1\"><span style=\"font-weight: 400;\">numer zlecenia,<\/span><\/li><\/ul><p class=\"translation-block\">5) Rozpatrzenia z\u0142o\u017conej przez Ciebie reklamacji, w oparciu o art. 6 ust. 1 lit. b) RODO,  kt\u00f3ry stanowi, \u017ce przetwarzanie danych osobowych jest dopuszczalne je\u015bli jest ono niezb\u0119dne do wykonania umowy, kt\u00f3rej stron\u0105 jest osoba, kt\u00f3rej dane dotycz\u0105 \u2013 w tym celu przetwarzane b\u0119d\u0105 takie dane jak:<\/p><ul><li style=\"font-weight: 400;\" aria-level=\"1\"><span style=\"font-weight: 400;\">imi\u0119 i nazwisko,<\/span><\/li><li style=\"font-weight: 400;\" aria-level=\"1\"><span style=\"font-weight: 400;\">adres e-mail,<\/span><\/li><li style=\"font-weight: 400;\" aria-level=\"1\"><span style=\"font-weight: 400;\">numer zlecenia,<\/span><\/li><li style=\"font-weight: 400;\" aria-level=\"1\"><span style=\"font-weight: 400;\">adres zamieszkania \u2014 w przypadku zg\u0142oszenia \u017c\u0105dania zwrotu pieni\u0119dzy,<\/span><\/li><li style=\"font-weight: 400;\" aria-level=\"1\"><span style=\"font-weight: 400;\">numer rachunku bankowego \u2014 w przypadku zg\u0142oszenia \u017c\u0105dania zwrotu pieni\u0119dzy.<\/span><\/li><\/ul><p class=\"translation-block\">6) Wystawienia faktury i spe\u0142nienia innych obowi\u0105zk\u00f3w Administratora wynikaj\u0105cych z przepis\u00f3w prawa podatkowego, w oparciu o art. 6 ust. 1 lit. c) RODO, kt\u00f3ry stanowi, \u017ce przetwarzanie danych osobowych jest dopuszczalne, je\u015bli jest konieczne do wywi\u0105zania si\u0119 przez Administratora z ci\u0105\u017c\u0105cych na nim obowi\u0105zk\u00f3w \u2013 w tym celu przetwarzane s\u0105 takie dane osobowe, jak:<\/p><ul><li style=\"font-weight: 400;\" aria-level=\"1\"><span style=\"font-weight: 400;\">imi\u0119 i nazwisko lub firma,<\/span><\/li><li style=\"font-weight: 400;\" aria-level=\"1\"><span style=\"font-weight: 400;\">adres zamieszkania lub adres siedziby,<\/span><\/li><li style=\"font-weight: 400;\" aria-level=\"1\"><span style=\"font-weight: 400;\">numer NIP,<\/span><\/li><li style=\"font-weight: 400;\" aria-level=\"1\"><span style=\"font-weight: 400;\">numer zlecenia.<\/span><\/li><\/ul><p class=\"translation-block\">7) Badania satysfakcji z oferowanych us\u0142ug, w oparciu o art. 6 ust. 1 lit f) RODO, kt\u00f3ry stanowi, \u017ce przetwarzanie danych osobowych jest dopuszczalne je\u015bli jest ono niezb\u0119dne do cel\u00f3w wynikaj\u0105cych z prawnie uzasadnionych interes\u00f3w realizowanych przez Administratora (w tym przypadku interesem Administratora jest poznanie opinii klient\u00f3w na temat \u015bwiadczonych us\u0142ug, aby dostosowa\u0107 je do potrzeb i oczekiwa\u0144 zainteresowanych) \u2013 w tym celu przetwarzane s\u0105 takie dane osobowe jak:<\/p><ul><li style=\"font-weight: 400;\" aria-level=\"1\"><span style=\"font-weight: 400;\">adres e-mail,<\/span><\/li><li style=\"font-weight: 400;\" aria-level=\"1\"><span style=\"font-weight: 400;\">numer zlecenia.<\/span><\/li><\/ul><p class=\"translation-block\">8) Otworzenia rejestr\u00f3w i ewidencji zwi\u0105zanych z RODO, w tym np. rejestru klient\u00f3w, kt\u00f3rzy zg\u0142osili sprzeciw zgodnie z RODO, w oparciu o art. 6 ust. 1 lit. c) RODO, kt\u00f3ry stanowi, \u017ce przetwarzanie danych osobowych jest dopuszczalne je\u017celi jest konieczne do wywi\u0105zania si\u0119 przez Administratora z obowi\u0105zk\u00f3w wynikaj\u0105cych z prawa (np. w zakresie wykazania zgodno\u015bci i rozliczalno\u015bci przetwarzania danych osobowych oraz w razie zg\u0142oszenia przez Ciebie sprzeciwu wobec przetwarzania Twoich danych osobowych do cel\u00f3w marketingowych ) oraz w oparciu o art. 6 ust. 1 lit. f) RODO, kt\u00f3ry stanowi, \u017ce przetwarzanie danych osobowych jest dopuszczalne je\u015bli Administrator realizuje w ten spos\u00f3b sw\u00f3j prawnie uzasadniony interes (w tym przypadku interesem firmy jest posiadanie wiedzy na temat os\u00f3b, kt\u00f3re realizuj\u0105 swoje uprawnienia wynikaj\u0105ce z RODO) \u2013 w tym celu przetwarzane s\u0105 takie dane osobowe jak:<\/p><ul><li style=\"font-weight: 400;\" aria-level=\"1\"><span style=\"font-weight: 400;\">imi\u0119 i nazwisko lub nazwa firmy,<\/span><\/li><li style=\"font-weight: 400;\" aria-level=\"1\"><span style=\"font-weight: 400;\">e-mail address.<\/span><\/li><\/ul><p class=\"translation-block\">9) Ustalenia, dochodzenia lub obrony przed roszczeniami, w oparciu o art. 6 ust. 1 lit. f) RODO, kt\u00f3ry stanowi, \u017ce przetwarzanie danych osobowych jest dopuszczalne, je\u015bli Administrator realizuje w ten spos\u00f3b sw\u00f3j prawnie uzasadniony interes (kt\u00f3rym w tym przypadku polega na ustaleniu, dochodzeniu roszcze\u0144 oraz obrony przed nimi) \u2013 w tym celu przetwarzane s\u0105 takie dane osobowe, jak:<\/p><ul><li style=\"font-weight: 400;\" aria-level=\"1\"><span style=\"font-weight: 400;\">imi\u0119 i nazwisko lub nazwa firmy,<\/span><\/li><li style=\"font-weight: 400;\" aria-level=\"1\"><span style=\"font-weight: 400;\">adres zamieszkania lub adres siedziby,<\/span><\/li><li style=\"font-weight: 400;\" aria-level=\"1\"><span style=\"font-weight: 400;\">numer NIP,<\/span><\/li><li style=\"font-weight: 400;\" aria-level=\"1\"><span style=\"font-weight: 400;\">adres e-mail,<\/span><\/li><li style=\"font-weight: 400;\" aria-level=\"1\"><span style=\"font-weight: 400;\">numer IP,<\/span><\/li><li style=\"font-weight: 400;\" aria-level=\"1\"><span style=\"font-weight: 400;\">numer zlecenia<\/span><\/li><\/ul><p class=\"translation-block\">10) Archiwalnym i dowodowym, w oparciu o art. 6 ust. 1 lit. f RODO, kt\u00f3ry stanowi, \u017ce dopuszczalne jest przetwarzanie danych osobowych, je\u017celi Administrator  realizuje w ten spos\u00f3b sw\u00f3j prawnie uzasadniony interes (w tym przypadku interesem podmiotu jest posiadanie danych osobowych, kt\u00f3re pozwol\u0105 dowie\u015b\u0107 pewnych fakt\u00f3w zwi\u0105zanych z realizacj\u0105 us\u0142ug, np. gdy jaki\u015b organ pa\u0144stwowy tego za\u017c\u0105da) \u2013 w tym celu przetwarzane s\u0105 takie dane osobowe jak:<\/p><ul><li style=\"font-weight: 400;\" aria-level=\"1\"><span style=\"font-weight: 400;\">imi\u0119 i nazwisko lub nazwa firmy,<\/span><\/li><li style=\"font-weight: 400;\" aria-level=\"1\"><span style=\"font-weight: 400;\">adres e-mail,<\/span><\/li><li style=\"font-weight: 400;\" aria-level=\"1\"><span style=\"font-weight: 400;\">numer zlecenia.<\/span><\/li><\/ul><p class=\"translation-block\">11) Wykorzystywania na stronie cookies, w oparciu o art. 6 ust. 1 lit. a) RODO, kt\u00f3ry pozwala przetwarza\u0107 dane osobowe na podstawie dobrowolnie udzielonej zgody (przy pierwszym wej\u015bciu na stron\u0119 internetow\u0105 pojawia si\u0119 zapytanie o zgod\u0119 na wykorzystanie cookies);<\/p><p class=\"translation-block\">12) Administrowania stron\u0105,  w oparciu o art. 6 ust. 1 lit. f) RODO, kt\u00f3ry stanowi, \u017ce przetwarzanie danych osobowych jest dopuszczalne je\u015bli Administrator realizuje w ten spos\u00f3b sw\u00f3j prawnie uzasadniony interes (kt\u00f3rym w tym przypadku polega na administrowaniu stron\u0105) \u2013 w tym celu przetwarzane s\u0105 takie dane osobowe ( zapisywane automatycznie w tzw. logach serwera, przy ka\u017cdorazowym korzystaniu ze strony), jak:<\/p><ul><li style=\"font-weight: 400;\" aria-level=\"1\"><span style=\"font-weight: 400;\">adres IP,<\/span><\/li><li style=\"font-weight: 400;\" aria-level=\"1\"><span style=\"font-weight: 400;\">data i czas serwera,<\/span><\/li><li style=\"font-weight: 400;\" aria-level=\"1\"><span style=\"font-weight: 400;\">informacje o przegl\u0105darce internetowej,<\/span><\/li><li style=\"font-weight: 400;\" aria-level=\"1\"><span style=\"font-weight: 400;\">informacje o systemie operacyjnym.<\/span><\/li><\/ul><p><b>3. Kto mo\u017ce by\u0107 odbiorc\u0105 Twoich danych, kt\u00f3re przetwarzamy:<\/b><\/p><p><b>1) <\/b><span style=\"font-weight: 400;\">B\u0119d\u0105 podmioty oraz organy publiczne, kt\u00f3rym mamy obowi\u0105zek przekazywa\u0107 dane na podstawie obowi\u0105zuj\u0105cych przepis\u00f3w prawa,<\/span><\/p><p><b>2)<\/b><span style=\"font-weight: 400;\"> Podmioty dzia\u0142aj\u0105ce na rzecz Administratora, kt\u00f3rzy w ramach zawartej z Administratorem umowy \u015bwiadcz\u0105 na jego rzecz us\u0142ugi \u015bci\u015ble zwi\u0105zane z funkcjonowaniem strony, a tak\u017ce z realizacj\u0105 przez Administratora us\u0142ug na Twoj\u0105 rzecz.<\/span><\/p><p><b>4. O\u015bwiadczenia:<\/b><\/p><ol><li><span style=\"font-weight: 400;\">Administrator nie przekazuje Twoich danych do innych kraj\u00f3w.<\/span><\/li><li><span style=\"font-weight: 400;\">Administrator nie zamierza podejmowa\u0107 zautomatyzowanych decyzji, w tym decyzji b\u0119d\u0105cych wynikiem profilowania.<\/span><\/li><li><span style=\"font-weight: 400;\">Administrator gwarantuje zastosowanie odpowiednich \u015brodk\u00f3w technicznych i organizacyjnych zapewniaj\u0105cych bezpiecze\u0144stwo przetwarzania Twoich danych, w szczeg\u00f3lno\u015bci:<\/span><\/li><\/ol><p><span style=\"font-weight: 400;\">a) uniemo\u017cliwiaj\u0105cych dost\u0119p do danych osobom nieupowa\u017cnionym lub ich przetwarzanie z naruszeniem w\u0142a\u015bciwych przepis\u00f3w, <\/span><span style=\"font-weight: 400;\">b) zapobiegaj\u0105cych utracie, uszkodzeniu lub zniszczeniu danych.<\/span><\/p><p><b>5. Okres przechowywania Twoich danych osobowych:<\/b><\/p><ol><li><span style=\"font-weight: 400;\">Do czasu zako\u0144czenia realizacji us\u0142ugi \u015bwiadczonej dla Ciebie za po\u015brednictwem strony lub z chwil\u0105 wycofania przez Ciebie zgody, je\u017celi przetwarzanie odbywa si\u0119 na jej podstawie.<\/span><\/li><li><span style=\"font-weight: 400;\">W zakresie i przez okres przewidziany przepisami prawa, do czasu up\u0142ywu terminu ewentualnych roszcze\u0144 wynikaj\u0105cych z realizacji zg\u0142oszenia (do 6 lat od daty wymagalno\u015bci roszczenia).<\/span><\/li><\/ol><p class=\"translation-block\">6. Twoje prawa zwi\u0105zane z przetwarzaniem danych osobowych (informujemy, \u017ce przys\u0142uguje Ci prawo do):<\/p><ul><li><span style=\"font-weight: 400;\">Dost\u0119pu do przekazanych nam swoich danych w ka\u017cdym czasie oraz otrzymania kopii tych danych, a tak\u017ce do sprostowania (poprawiania) swoich danych oraz ich uzupe\u0142nienia;<\/span><\/li><li><span style=\"font-weight: 400;\">\u017b\u0105dania usuni\u0119cia danych, je\u017celi uwa\u017casz, \u017ce nie mamy podstaw do tego, aby Twoje dane przetwarza\u0107 lub zachodz\u0105 inne przewidziane prawem okoliczno\u015bci;<\/span><\/li><li><span style=\"font-weight: 400;\">\u017b\u0105dania ograniczenia ich przetwarzania w nast\u0119puj\u0105cych przypadkach:<\/span><\/li><\/ul><ol><li>Kwestionowania prawid\u0142owo\u015bci danych \u2013 na okres pozwalaj\u0105cy Administratorowi sprawdzi\u0107 prawid\u0142owo\u015b\u0107 tych danych;<\/li><li><span style=\"font-weight: 400;\">Gdy przetwarzanie jest niezgodne z prawem, a sprzeciwiasz si\u0119 ich usuni\u0119ciu, \u017c\u0105daj\u0105c w zamian ograniczenia ich wykorzystania,<\/span><\/li><li><span style=\"font-weight: 400;\">Administrator nie potrzebuje ju\u017c danych osobowych do cel\u00f3w przetwarzania, ale s\u0105 one Tobie potrzebne do ustalenia, dochodzenia lub obrony roszcze\u0144,<\/span><\/li><li><span style=\"font-weight: 400;\">Zosta\u0142 z\u0142o\u017cony sprzeciw wobec przetwarzania \u2013 do czasu stwierdzenia, czy prawnie uzasadnione podstawy po stronie Administratora s\u0105 nadrz\u0119dne wobec podstaw z\u0142o\u017cenia sprzeciwu,<\/span><\/li><\/ol><ul><li><span style=\"font-weight: 400;\">Przeniesienia danych osobowych do innego administratora;<\/span><\/li><li>Prawo do wniesienia sprzeciwu:<\/li><\/ul><p><span style=\"font-weight: 400;\">a) w zakresie przetwarzania Twoich danych w sytuacjach szczeg\u00f3lnych, tj.: gdy dane s\u0105 przetwarzane na potrzeby zabezpieczenia prawnie uzasadnionego interesu firmy lub gdy przetwarzanie Twoich danych jest niezb\u0119dne w celu wykonania zada\u0144 le\u017c\u0105cych w interesie publicznym. W tym przypadku skuteczno\u015b\u0107 wniesienia sprzeciwu wymaga umotywowania zasadno\u015bci zaniechania przetwarzania danych przez firm\u0119. Je\u017celi uwa\u017casz, \u017ce przetwarzamy Twoje dane niezgodnie z prawem mo\u017cesz wnie\u015b\u0107 skarg\u0119 do Prezesa Urz\u0119du Ochrony Danych Osobowych na spos\u00f3b przetwarzania przez nas Twoich danych osobowych. W ka\u017cdym czasie mo\u017cesz wycofa\u0107 zgod\u0119 na przetwarzanie Twoich danych osobowych przez podmiot z zastrze\u017ceniem, \u017ce cofni\u0119cie zgody nie wp\u0142ywa na zgodno\u015b\u0107 z prawem dzia\u0142a\u0144, kt\u00f3re dokonano na tej podstawie przed dat\u0105 wycofania zgody.<\/span><\/p><p><b>7. Czy podanie przez Ciebie danych osobowych jest konieczne?<\/b><\/p><p><span style=\"font-weight: 400;\">Podanie danych osobowych jest dobrowolne, niemniej jest ono warunkiem rejestracji zg\u0142oszenia w naszym systemie zapewnienia komunikacji, obs\u0142ugi zg\u0142oszenia zwi\u0105zanej i w przypadku niepodania danych w formularzu, odmowy wyra\u017cenia zgody na przetwarzanie danych osobowych w celach, o kt\u00f3rych mowa w pkt. 3.1 lub cofni\u0119cia zgody na przetwarzanie danych osobowych, w tych celach nie b\u0119dzie mo\u017cliwa rejestracja formularza kontaktowego i obs\u0142uga zg\u0142oszenia.<\/span><\/p><p><b>8. PLIKI COOKIES<\/b><\/p><p><b>1) <\/b><span style=\"font-weight: 400;\">Strona internetowa thrivelab-co.com, zwana dalej \u201estron\u0105\u201d nie zbiera w spos\u00f3b automatyczny \u017cadnych informacji, z wyj\u0105tkiem informacji zawartych w plikach cookies.<\/span><\/p><p><b>2) <\/b><span style=\"font-weight: 400;\">Pliki cookies (tzw. \u201eciasteczka\u201d) stanowi\u0105 dane informatyczne, w szczeg\u00f3lno\u015bci pliki tekstowe, kt\u00f3re przechowywane s\u0105 w urz\u0105dzeniu ko\u0144cowym U\u017cytkownika strony i przeznaczone s\u0105 do korzystania z niej.<\/span><\/p><p><b>3)<\/b><span style=\"font-weight: 400;\"> Cookies zazwyczaj zawieraj\u0105 nazw\u0119 strony internetowej, z kt\u00f3rej pochodz\u0105, czas przechowywania ich na urz\u0105dzeniu ko\u0144cowym oraz unikalny numer.<\/span><\/p><p><b>4)<\/b><span style=\"font-weight: 400;\"> Pliki cookies wykorzystywane s\u0105 w celu:<\/span><\/p><ol><li><span style=\"font-weight: 400;\">dostosowania zawarto\u015bci strony do preferencji U\u017cytkownika oraz optymalizacji korzystania ze strony internetowej; w szczeg\u00f3lno\u015bci pliki te pozwalaj\u0105 rozpozna\u0107 urz\u0105dzenie U\u017cytkownika strony internetowej i odpowiednio wy\u015bwietli\u0107 stron\u0119, dostosowan\u0105 do jego indywidualnych potrzeb;<\/span><\/li><li><span style=\"font-weight: 400;\">tworzenia statystyk, kt\u00f3re pomagaj\u0105 zrozumie\u0107, w jaki spos\u00f3b U\u017cytkownicy korzystaj\u0105 ze strony, co umo\u017cliwia ulepszanie jej struktury i zawarto\u015bci;<\/span><\/li><\/ol><p><b>5)<\/b><span style=\"font-weight: 400;\"> W ramach strony stosowane s\u0105 nast\u0119puj\u0105ce rodzaje plik\u00f3w cookies:<\/span><\/p><ol><li><span style=\"font-weight: 400;\">\u201esesyjne\u201d (session cookies) s\u0105 plikami tymczasowymi, kt\u00f3re przechowywane s\u0105 w urz\u0105dzeniu ko\u0144cowym U\u017cytkownika do czasu opuszczenia strony lub wy\u0142\u0105czenia oprogramowania (przegl\u0105darki internetowej).<\/span><\/li><li><span style=\"font-weight: 400;\">\u201esta\u0142e\u201d (persistent cookies) przechowywane s\u0105 w urz\u0105dzeniu ko\u0144cowym U\u017cytkownika przez czas okre\u015blony w parametrach plik\u00f3w cookies lub do czasu ich usuni\u0119cia przez U\u017cytkownika.<\/span><\/li><li><span style=\"font-weight: 400;\">pliki cookies s\u0142u\u017c\u0105ce do zapewnienia bezpiecze\u0144stwa, np. wykorzystywane do wykrywania nadu\u017cy\u0107 w zakresie uwierzytelniania w ramach strony;<\/span><\/li><li><span style=\"font-weight: 400;\">\u201ewydajno\u015bciowe\u201d pliki cookies, umo\u017cliwiaj\u0105ce zbieranie informacji o sposobie korzystania ze strony by lepiej dzia\u0142a\u0142a;<\/span><\/li><li><span style=\"font-weight: 400;\">\u201efunkcjonalne\u201d pliki cookies, umo\u017cliwiaj\u0105ce \u201ezapami\u0119tanie\u201d wybranych przez U\u017cytkownika ustawie\u0144 i personalizacj\u0119 interfejsu U\u017cytkownika, np. w zakresie wybranego j\u0119zyka lub regionu, z kt\u00f3rego pochodzi U\u017cytkownik, rozmiaru czcionki, wygl\u0105du strony internetowej itp.; W wielu przypadkach oprogramowanie s\u0142u\u017c\u0105ce do przegl\u0105dania stron internetowych (przegl\u0105darka internetowa) domy\u015blnie dopuszcza przechowywanie plik\u00f3w cookies w urz\u0105dzeniu ko\u0144cowym U\u017cytkownika.<\/span><\/li><\/ol><p><b>6)<\/b><span style=\"font-weight: 400;\"> U\u017cytkownicy Serwisu mog\u0105 dokona\u0107 w ka\u017cdym czasie zmiany ustawie\u0144 dotycz\u0105cych plik\u00f3w cookies. Ustawienia te mog\u0105 zosta\u0107 zmienione w szczeg\u00f3lno\u015bci w taki spos\u00f3b, aby blokowa\u0107 automatyczn\u0105 obs\u0142ug\u0119 plik\u00f3w cookies w ustawieniach przegl\u0105darki internetowej b\u0105d\u017a informowa\u0107 o ich ka\u017cdorazowym zamieszczeniu w urz\u0105dzeniu U\u017cytkownika Serwisu.<\/span><\/p><p><b>7) <\/b><span style=\"font-weight: 400;\">Szczeg\u00f3\u0142owe informacje o mo\u017cliwo\u015bci i sposobach obs\u0142ugi plik\u00f3w cookies dost\u0119pne s\u0105 w ustawieniach oprogramowania (przegl\u0105darki internetowej). Brak zmiany ustawie\u0144 oznacza akceptacj\u0119 dla stosowanych przez stron\u0119 internetow\u0105 plik\u00f3w cookies. Wprowadzone przez Ciebie ograniczenia stosowania plik\u00f3w cookies mog\u0105 wp\u0142yn\u0105\u0107 na niekt\u00f3re funkcjonalno\u015bci dost\u0119pne na stronie.<\/span><\/p><ol start=\"9\"><li><b> Postanowienia ko\u0144cowe:<\/b><\/li><\/ol><p><span style=\"font-weight: 400;\">W zakresie nieuregulowanym niniejsz\u0105 Polityk\u0105 prywatno\u015bci obowi\u0105zuj\u0105 przepisy z zakresu ochrony danych osobowych.<\/span><\/p>\t\t\t\t\t\t\t\t<\/div>\n\t\t\t\t<\/div>\n\t\t\t\t\t<\/div>\n\t\t<\/div>\n\t\t\t\t\t<\/div>\n\t\t<\/section>\n\t\t\t\t<\/div>","protected":false},"excerpt":{"rendered":"<p>Privacy Policy This Privacy Policy describes issues related to the use of the website thrivelab-co.com, hereinafter referred to as the \u201ewebsite\u201d. PERSONAL DATA 1. Who is the administrator of your personal data:\u00a0 The administrator of the personal data provided by you is Katarzyna Lechki, running a business under the name ThriveLab Co sp. z o.o.,&#8230;<\/p>","protected":false},"author":1,"featured_media":0,"parent":0,"menu_order":0,"comment_status":"closed","ping_status":"closed","template":"","meta":{"_kad_post_transparent":"","_kad_post_title":"","_kad_post_layout":"","_kad_post_sidebar_id":"","_kad_post_content_style":"","_kad_post_vertical_padding":"","_kad_post_feature":"","_kad_post_feature_position":"","_kad_post_header":false,"_kad_post_footer":false,"_kad_post_classname":"","footnotes":""},"class_list":["post-1317","page","type-page","status-publish","hentry"],"_links":{"self":[{"href":"https:\/\/thrivelab-co.com\/pl\/wp-json\/wp\/v2\/pages\/1317","targetHints":{"allow":["GET"]}}],"collection":[{"href":"https:\/\/thrivelab-co.com\/pl\/wp-json\/wp\/v2\/pages"}],"about":[{"href":"https:\/\/thrivelab-co.com\/pl\/wp-json\/wp\/v2\/types\/page"}],"author":[{"embeddable":true,"href":"https:\/\/thrivelab-co.com\/pl\/wp-json\/wp\/v2\/users\/1"}],"replies":[{"embeddable":true,"href":"https:\/\/thrivelab-co.com\/pl\/wp-json\/wp\/v2\/comments?post=1317"}],"version-history":[{"count":43,"href":"https:\/\/thrivelab-co.com\/pl\/wp-json\/wp\/v2\/pages\/1317\/revisions"}],"predecessor-version":[{"id":1709,"href":"https:\/\/thrivelab-co.com\/pl\/wp-json\/wp\/v2\/pages\/1317\/revisions\/1709"}],"wp:attachment":[{"href":"https:\/\/thrivelab-co.com\/pl\/wp-json\/wp\/v2\/media?parent=1317"}],"curies":[{"name":"wp","href":"https:\/\/api.w.org\/{rel}","templated":true}]}}